{"id":3,"date":"2024-10-25T12:15:27","date_gmt":"2024-10-25T12:15:27","guid":{"rendered":"https:\/\/multitent.ee\/?page_id=3"},"modified":"2025-01-27T17:06:02","modified_gmt":"2025-01-27T17:06:02","slug":"privacy-policy","status":"publish","type":"page","link":"https:\/\/multitent.ee\/en\/privacy-policy\/","title":{"rendered":"Privacy Policy"},"content":{"rendered":"[et_pb_section fb_built=&#8221;1&#8243; admin_label=&#8221;section&#8221; _builder_version=&#8221;4.16&#8243; global_colors_info=&#8221;{}&#8221;][et_pb_row admin_label=&#8221;row&#8221; _builder_version=&#8221;4.16&#8243; background_size=&#8221;initial&#8221; background_position=&#8221;top_left&#8221; background_repeat=&#8221;repeat&#8221; global_colors_info=&#8221;{}&#8221;][et_pb_column type=&#8221;4_4&#8243; _builder_version=&#8221;4.16&#8243; custom_padding=&#8221;|||&#8221; global_colors_info=&#8221;{}&#8221; custom_padding__hover=&#8221;|||&#8221;][et_pb_text admin_label=&#8221;Text&#8221; _builder_version=&#8221;4.27.2&#8243; background_size=&#8221;initial&#8221; background_position=&#8221;top_left&#8221; background_repeat=&#8221;repeat&#8221; global_colors_info=&#8221;{}&#8221;]<p><\/p>\n<h2 class=\"wp-block-heading\" data-sourcepos=\"1:1-1:35\">Multitent O\u00dc privaatsuspoliitika<\/h2>\n<p data-sourcepos=\"3:1-3:16\"><strong>Sissejuhatus<\/strong><\/p>\n<p data-sourcepos=\"5:1-5:290\">Multitent O\u00dc (&#8220;meie&#8221;, &#8220;meile&#8221; v\u00f5i &#8220;meie&#8221;) on p\u00fchendunud oma klientide ja veebisaidi k\u00fclastajate privaatsuse kaitsmisele. See privaatsuspoliitika kirjeldab, kuidas me kogume, kasutame, avaldame ja kaitseme teie isikuandmeid, kui te suhtlete meiega meie veebisaidi, toodete ja teenuste kaudu.<\/p>\n<p data-sourcepos=\"7:1-7:361\">See privaatsuspoliitika on koosk\u00f5las isikuandmete kaitse \u00fcldm\u00e4\u00e4rusega (GDPR) ja teiste kehtivate andmekaitseseaduste ja -m\u00e4\u00e4rustega Eestis ja Euroopa Liidus. Andmekaitse Inspektsioon (AKI) teostab Eestis andmekaitse j\u00e4relevalvet. Meie veebisaidi kasutamisega v\u00f5i oma isikuandmete meile edastamisega n\u00f5ustute k\u00e4esolevas privaatsuspoliitikas kirjeldatud tavadega.<\/p>\n<p data-sourcepos=\"9:1-9:26\"><strong>Andmet\u00f6\u00f6tlusp\u00f5him\u00f5tted<\/strong><\/p>\n<p data-sourcepos=\"11:1-11:53\">J\u00e4rgime GDPR-i kohaseid andmet\u00f6\u00f6tluse p\u00f5hiprintsiipe:<\/p>\n<ul data-sourcepos=\"13:1-19:0\">\n<li data-sourcepos=\"13:1-13:112\"><strong>Seaduslikkus, \u00f5iglus ja l\u00e4bipaistvus:<\/strong> T\u00f6\u00f6tleme teie isikuandmeid seaduslikult, \u00f5iglaselt ja l\u00e4bipaistvalt.<\/li>\n<li data-sourcepos=\"14:1-14:168\"><strong>Eesm\u00e4rgi piirang:<\/strong> Kogume teie isikuandmeid kindlaksm\u00e4\u00e4ratud, otsestel ja \u00f5igustatud eesm\u00e4rkidel ega t\u00f6\u00f6tle neid edasi viisil, mis on nende eesm\u00e4rkidega vastuolus.<\/li>\n<li data-sourcepos=\"15:1-15:169\"><strong>Andmete minimeerimine:<\/strong> Kogume ainult neid isikuandmeid, mis on asjakohased, olulised ja piiratud sellega, mis on vajalik nende t\u00f6\u00f6tlemise eesm\u00e4rkide saavutamiseks.<\/li>\n<li data-sourcepos=\"16:1-16:81\"><strong>T\u00e4psus:<\/strong> Hoiame teie isikuandmeid t\u00e4psetena ja vajaduse korral ajakohastena.<\/li>\n<li data-sourcepos=\"17:1-17:163\"><strong>S\u00e4ilitamise piirang:<\/strong> S\u00e4ilitame teie isikuandmeid vormis, mis v\u00f5imaldab tuvastamist mitte kauem, kui see on vajalik nende t\u00f6\u00f6tlemise eesm\u00e4rkide saavutamiseks.<\/li>\n<li data-sourcepos=\"18:1-19:0\"><strong>Ausus ja konfidentsiaalsus:<\/strong> T\u00f6\u00f6tleme teie isikuandmeid viisil, mis tagab asjakohase turvalisuse, sealhulgas kaitse volitamata v\u00f5i ebaseadusliku t\u00f6\u00f6tlemise, juhusliku kaotsimineku, h\u00e4vitamise v\u00f5i kahjustamise eest, kasutades asjakohaseid tehnilisi v\u00f5i korralduslikke meetmeid.<\/li>\n<\/ul>\n<p data-sourcepos=\"20:1-20:31\"><strong>Milliseid andmeid me kogume<\/strong><\/p>\n<p data-sourcepos=\"22:1-22:41\">V\u00f5ime koguda j\u00e4rgmist t\u00fc\u00fcpi isikuandmeid:<\/p>\n<ul data-sourcepos=\"24:1-29:0\">\n<li data-sourcepos=\"24:1-24:100\"><strong>Kontaktandmed:<\/strong> See v\u00f5ib h\u00f5lmata teie nime, e-posti aadressi, telefoninumbrit ja postiaadressi.<\/li>\n<li data-sourcepos=\"25:1-25:111\"><strong>Konto andmed:<\/strong> Kui loote meie juures konto, v\u00f5ime koguda teie kasutajanime, parooli ja muid konto andmeid.<\/li>\n<li data-sourcepos=\"26:1-26:195\"><strong>Makseandmed:<\/strong> Ostu sooritamisel v\u00f5ime koguda teie maksekaardi andmeid, arveldusaadressi ja muud makseteavet. Seda teavet t\u00f6\u00f6tleb turvaliselt meie makseteenuse pakkuja ja me ei salvesta seda.<\/li>\n<li data-sourcepos=\"27:1-27:249\"><strong>Veebisaidi kasutusandmed:<\/strong> Kogume teavet selle kohta, kuidas te meie veebisaiti kasutate, n\u00e4iteks teie IP-aadress, brauseri t\u00fc\u00fcp, seadme teave, k\u00fclastatud lehed ja kl\u00f5psatud lingid. Seda teavet kogutakse k\u00fcpsiste ja sarnaste tehnoloogiate abil.<\/li>\n<li data-sourcepos=\"28:1-29:0\"><strong>Klienditeeninduse suhtlus:<\/strong> V\u00f5ime koguda teavet teie suhtlusest meie klienditeeninduse meeskonnaga, n\u00e4iteks e-kirjad, vestluslogid ja telefonik\u00f5ned.<\/li>\n<\/ul>\n<p data-sourcepos=\"30:1-30:35\"><strong>Kuidas me teie andmeid kasutame<\/strong><\/p>\n<p data-sourcepos=\"32:1-32:56\">V\u00f5ime teie isikuandmeid kasutada j\u00e4rgmistel eesm\u00e4rkidel:<\/p>\n<p data-sourcepos=\"34:1-34:37\"><strong>Teenuste osutamine ja t\u00e4iustamine<\/strong><\/p>\n<ul data-sourcepos=\"36:1-39:0\">\n<li data-sourcepos=\"36:1-36:56\">Meie toodete ja teenuste pakkumiseks ja t\u00e4iustamiseks.<\/li>\n<li data-sourcepos=\"37:1-37:29\">Teie tellimuste t\u00e4itmiseks.<\/li>\n<li data-sourcepos=\"38:1-39:0\">Teie p\u00e4ringutele vastamiseks.<\/li>\n<\/ul>\n<ul data-sourcepos=\"42:1-44:0\"><\/ul>\n<p data-sourcepos=\"45:1-45:22\"><strong>Maksete t\u00f6\u00f6tlemine<\/strong><\/p>\n<ul data-sourcepos=\"47:1-48:0\">\n<li data-sourcepos=\"47:1-48:0\">Teie maksete t\u00f6\u00f6tlemiseks ja pettuste ennetamiseks.<\/li>\n<\/ul>\n<p data-sourcepos=\"49:1-49:27\"><strong>Turunduskommunikatsioon<\/strong><\/p>\n<ul data-sourcepos=\"51:1-52:0\">\n<li data-sourcepos=\"51:1-52:0\">Teie n\u00f5usolekul v\u00f5ime teile saata e-kirju v\u00f5i muud teavet uute toodete, kampaaniate ja muude v\u00e4rskenduste kohta. Teil on igal ajal v\u00f5imalik nendest teadetest loobuda.<\/li>\n<\/ul>\n<p data-sourcepos=\"53:1-53:22\"><strong>Veebisaidi anal\u00fc\u00fcs<\/strong><\/p>\n<ul data-sourcepos=\"55:1-57:0\">\n<li data-sourcepos=\"55:1-55:56\">Veebisaidi liikluse ja kasutusmustrite anal\u00fc\u00fcsimiseks.<\/li>\n<li data-sourcepos=\"56:1-57:0\">Meie veebisaidi kujunduse ja funktsionaalsuse parandamiseks.<\/li>\n<\/ul>\n<p data-sourcepos=\"58:1-58:25\"><strong>\u00d5igusaktide j\u00e4rgimine<\/strong><\/p>\n<ul data-sourcepos=\"60:1-61:0\">\n<li data-sourcepos=\"60:1-61:0\">Kohaldatavate seaduste ja m\u00e4\u00e4ruste j\u00e4rgimiseks.<\/li>\n<\/ul>\n<p data-sourcepos=\"62:1-62:12\"><strong>K\u00fcpsised<\/strong><\/p>\n<p data-sourcepos=\"64:1-64:264\">Meie veebisait kasutab k\u00fcpsiseid teie sirvimiskogemuse parandamiseks ja teabe kogumiseks selle kohta, kuidas te meie veebisaiti kasutate. K\u00fcpsised on v\u00e4ikesed tekstifailid, mis paigutatakse teie seadmesse veebisaidi k\u00fclastamisel. Kasutame j\u00e4rgmist t\u00fc\u00fcpi k\u00fcpsiseid:<\/p>\n<ul data-sourcepos=\"66:1-69:0\">\n<li data-sourcepos=\"66:1-66:90\"><strong>Olulised k\u00fcpsised:<\/strong> Need k\u00fcpsised on vajalikud veebisaidi n\u00f5uetekohaseks toimimiseks.<\/li>\n<li data-sourcepos=\"67:1-67:288\"><strong>Anal\u00fc\u00fctilised k\u00fcpsised:<\/strong> Need k\u00fcpsised <span class=\"citation-0 citation-end-0 interactive-span-selected-v2\">koguvad teavet selle kohta, kuidas k\u00fclastajad veebisaiti kasutavad, n\u00e4iteks milliseid lehti k\u00fclastatakse k\u00f5ige sagedamini ja kas nad saavad veateateid.<source-footnote ng-version=\"0.0.0-PLACEHOLDER\" _nghost-ng-c327920135=\"\"><sup _ngcontent-ng-c327920135=\"\" class=\"superscript visible highlight\" data-turn-source-index=\"1\"> 1 <\/sup><\/source-footnote><\/span> Seda teavet kasutatakse veebisaidi toimivuse ja kasutajakogemuse parandamiseks.<sources-carousel-inline ng-version=\"0.0.0-PLACEHOLDER\" _nghost-ng-c83801344=\"\"><span _ngcontent-ng-c83801344=\"\" hide-from-message-actions=\"\" class=\"button-container hide-from-message-actions ng-star-inserted\"> <\/span><\/sources-carousel-inline>\u00a0<\/li>\n<li data-sourcepos=\"68:1-69:0\"><strong>Turundusk\u00fcpsised:<\/strong> Neid k\u00fcpsiseid kasutatakse k\u00fclastajate j\u00e4lgimiseks veebisaitidel. Eesm\u00e4rk on kuvada reklaame, mis on asjakohased ja k\u00f6itvad \u00fcksikutele kasutajatele ning seega v\u00e4\u00e4rtuslikumad v\u00e4ljaandjatele ja kolmandate osapoolte reklaamijatele.<\/li>\n<\/ul>\n<p data-sourcepos=\"70:1-70:155\">Saate oma k\u00fcpsiste eelistusi hallata oma brauseri seadete kaudu. Pange t\u00e4hele, et teatud k\u00fcpsiste keelamine v\u00f5ib m\u00f5jutada meie veebisaidi funktsionaalsust.<\/p>\n<p data-sourcepos=\"72:1-72:89\"><strong>Andmete edastamine kolmandatesse riikidesse v\u00f5i rahvusvahelistele organisatsioonidele<\/strong><\/p>\n<p data-sourcepos=\"74:1-74:80\">V\u00f5ime teie isikuandmeid edastada v\u00e4ljaspool Eestit v\u00f5i EL-i j\u00e4rgmistel juhtudel:<\/p>\n<ul data-sourcepos=\"76:1-78:0\">\n<li data-sourcepos=\"76:1-76:113\"><strong>Kui see on vajalik meie teenuste osutamiseks:<\/strong> N\u00e4iteks kui tellite toote, mis tuleb tarnida v\u00e4ljaspool EL-i.<\/li>\n<li data-sourcepos=\"77:1-78:0\"><strong>Kui kasutame kolmandate osapoolte teenusepakkujaid:<\/strong> N\u00e4iteks v\u00f5ime kasutada makseteenuse pakkujat, mis asub v\u00e4ljaspool EL-i.<\/li>\n<\/ul>\n<p data-sourcepos=\"79:1-79:182\">Teie isikuandmete edastamisel v\u00e4ljaspool EL-i tagame, et teie andmete kaitsmiseks on kehtestatud asjakohased kaitsemeetmed, n\u00e4iteks piisavusotsused v\u00f5i standardsed lepingutingimused.<\/p>\n<p data-sourcepos=\"81:1-81:23\"><strong>Andmete s\u00e4ilitamine<\/strong><\/p>\n<p data-sourcepos=\"83:1-83:198\">S\u00e4ilitame teie isikuandmeid nii kaua, kui see on vajalik k\u00e4esolevas privaatsuspoliitikas s\u00e4testatud eesm\u00e4rkide t\u00e4itmiseks, v\u00e4lja arvatud juhul, kui seadusega on n\u00f5utav v\u00f5i lubatud pikem s\u00e4ilitusaeg.<\/p>\n<p data-sourcepos=\"85:1-85:22\"><strong>Andmete turvalisus<\/strong><\/p>\n<p data-sourcepos=\"87:1-87:199\">V\u00f5tame asjakohaseid tehnilisi ja korralduslikke meetmeid teie isikuandmete kaitsmiseks volitamata juurdep\u00e4\u00e4su, kasutamise, avalikustamise, muutmise v\u00f5i h\u00e4vitamise eest. Nende meetmete hulka kuuluvad:<\/p>\n<ul data-sourcepos=\"89:1-94:0\">\n<li data-sourcepos=\"89:1-89:110\"><strong>Andmete kr\u00fcptimine:<\/strong> Kasutame kr\u00fcptimist teie andmete kaitsmiseks nii edastamise kui ka s\u00e4ilitamise ajal.<\/li>\n<li data-sourcepos=\"90:1-90:97\"><strong>Juurdep\u00e4\u00e4su kontroll:<\/strong> Piirame juurdep\u00e4\u00e4su teie isikuandmetele ainult volitatud t\u00f6\u00f6tajatele.<\/li>\n<li data-sourcepos=\"91:1-91:139\"><strong>Regulaarsed turvalisuse hindamised:<\/strong> Viime l\u00e4bi regulaarseid turvalisuse hindamisi, et tuvastada ja leevendada v\u00f5imalikke haavatavusi.<\/li>\n<li data-sourcepos=\"92:1-92:92\"><strong>T\u00f6\u00f6tajate koolitus:<\/strong> Pakume oma t\u00f6\u00f6tajatele koolitust andmeturbe parimate tavade kohta.<\/li>\n<li data-sourcepos=\"93:1-94:0\"><strong>Andmetega seotud rikkumistele reageerimise protseduurid:<\/strong> Meil on protseduurid, et reageerida k\u00f5ikidele andmetega seotud rikkumistele, mis v\u00f5ivad tekkida.<\/li>\n<\/ul>\n<p data-sourcepos=\"95:1-95:16\"><strong>Teie \u00f5igused<\/strong><\/p>\n<p data-sourcepos=\"97:1-97:48\">Teil on oma isikuandmete osas j\u00e4rgmised \u00f5igused:<\/p>\n<ul data-sourcepos=\"99:1-105:0\">\n<li data-sourcepos=\"99:1-99:267\"><strong>Juurdep\u00e4\u00e4su\u00f5igus:<\/strong> Teil on \u00f5igus tutvuda oma isikuandmetega, mida me hoiame. See h\u00f5lmab \u00f5igust saada kinnitust selle kohta, kas teie kohta k\u00e4ivaid isikuandmeid t\u00f6\u00f6deldakse v\u00f5i mitte, ja kui see on nii, siis juurdep\u00e4\u00e4su isikuandmetele ja teabele t\u00f6\u00f6tlemise kohta.<\/li>\n<li data-sourcepos=\"100:1-100:110\"><strong>\u00d5igus parandamisele:<\/strong> Teil on \u00f5igus n\u00f5uda, et me parandaksime ebat\u00e4pseid v\u00f5i mittet\u00e4ielikke isikuandmeid.<\/li>\n<li data-sourcepos=\"101:1-101:257\"><strong>\u00d5igus kustutamisele:<\/strong> Teil on \u00f5igus n\u00f5uda, et me kustutaksime teie isikuandmeid teatud tingimustel, n\u00e4iteks kui teie isikuandmeid ei ole enam vaja nende eesm\u00e4rkide saavutamiseks, milleks neid koguti v\u00f5i t\u00f6\u00f6deldi, v\u00f5i kui te v\u00f5tate oma n\u00f5usoleku tagasi.<\/li>\n<li data-sourcepos=\"102:1-102:238\"><strong>\u00d5igus t\u00f6\u00f6tlemise piiramisele:<\/strong> Teil on \u00f5igus n\u00f5uda, et me piiraksime teie isikuandmete t\u00f6\u00f6tlemist teatud tingimustel, n\u00e4iteks kui te vaidlustate isikuandmete t\u00e4psuse, t\u00f6\u00f6tlemine on ebaseaduslik v\u00f5i te esitate vastuv\u00e4ite t\u00f6\u00f6tlemisele.<\/li>\n<li data-sourcepos=\"103:1-103:201\"><strong>\u00d5igus andmete \u00fclekandmisele:<\/strong> Teil on \u00f5igus saada oma isikuandmeid struktureeritud, \u00fcldkasutatavas ja masinloetavas vormingus ning edastada need andmed takistusteta teisele vastutavale t\u00f6\u00f6tlejale.<\/li>\n<li data-sourcepos=\"104:1-105:0\"><strong>Vastuv\u00e4ite esitamise \u00f5igus:<\/strong> Teil on \u00f5igus esitada vastuv\u00e4iteid oma isikuandmete t\u00f6\u00f6tlemisele teatud tingimustel, n\u00e4iteks kui t\u00f6\u00f6tlemine p\u00f5hineb \u00f5igustatud huvidel v\u00f5i otseturundusel.<\/li>\n<\/ul>\n<p data-sourcepos=\"106:1-106:87\">Nende \u00f5iguste kasutamiseks v\u00f5tke meiega \u00fchendust allpool esitatud kontaktandmete kaudu.<\/p>\n<p data-sourcepos=\"108:1-108:25\"><strong>V\u00f5tke meiega \u00fchendust<\/strong><\/p>\n<p data-sourcepos=\"110:1-110:98\">Kui teil on selle privaatsuspoliitika kohta k\u00fcsimusi v\u00f5i muresid, v\u00f5tke meiega \u00fchendust aadressil:<\/p>\n<p data-sourcepos=\"112:1-112:130\">info@multitent.ee<\/p>\n<p data-sourcepos=\"114:1-114:13\"><\/p>\n<p><\/p>[\/et_pb_text][\/et_pb_column][\/et_pb_row][\/et_pb_section]","protected":false},"excerpt":{"rendered":"<p>Multitent O\u00dc privaatsuspoliitika Sissejuhatus Multitent O\u00dc (&#8220;meie&#8221;, &#8220;meile&#8221; v\u00f5i &#8220;meie&#8221;) on p\u00fchendunud oma klientide ja veebisaidi k\u00fclastajate privaatsuse kaitsmisele. See privaatsuspoliitika kirjeldab, kuidas me kogume, kasutame, avaldame ja kaitseme teie isikuandmeid, kui te suhtlete meiega meie veebisaidi, toodete ja teenuste kaudu. See privaatsuspoliitika on koosk\u00f5las isikuandmete kaitse \u00fcldm\u00e4\u00e4rusega (GDPR) ja teiste kehtivate andmekaitseseaduste ja -m\u00e4\u00e4rustega [&hellip;]<\/p>","protected":false},"author":1,"featured_media":0,"parent":0,"menu_order":0,"comment_status":"closed","ping_status":"open","template":"","meta":{"_et_pb_use_builder":"on","_et_pb_old_content":"<!-- wp:heading -->\n<h2 class=\"wp-block-heading\">Who we are<\/h2>\n<!-- \/wp:heading -->\n<!-- wp:paragraph -->\n<p><strong class=\"privacy-policy-tutorial\">Suggested text: <\/strong>Our website address is: https:\/\/multitent.ee.<\/p>\n<!-- \/wp:paragraph -->\n<!-- wp:heading -->\n<h2 class=\"wp-block-heading\">Comments<\/h2>\n<!-- \/wp:heading -->\n<!-- wp:paragraph -->\n<p><strong class=\"privacy-policy-tutorial\">Suggested text: <\/strong>When visitors leave comments on the site we collect the data shown in the comments form, and also the visitor&#8217;s IP address and browser user agent string to help spam detection.<\/p>\n<!-- \/wp:paragraph -->\n<!-- wp:paragraph -->\n<p>An anonymized string created from your email address (also called a hash) may be provided to the Gravatar service to see if you are using it. The Gravatar service privacy policy is available here: https:\/\/automattic.com\/privacy\/. After approval of your comment, your profile picture is visible to the public in the context of your comment.<\/p>\n<!-- \/wp:paragraph -->\n<!-- wp:heading -->\n<h2 class=\"wp-block-heading\">Media<\/h2>\n<!-- \/wp:heading -->\n<!-- wp:paragraph -->\n<p><strong class=\"privacy-policy-tutorial\">Suggested text: <\/strong>If you upload images to the website, you should avoid uploading images with embedded location data (EXIF GPS) included. Visitors to the website can download and extract any location data from images on the website.<\/p>\n<!-- \/wp:paragraph -->\n<!-- wp:heading -->\n<h2 class=\"wp-block-heading\">Cookies<\/h2>\n<!-- \/wp:heading -->\n<!-- wp:paragraph -->\n<p><strong class=\"privacy-policy-tutorial\">Suggested text: <\/strong>If you leave a comment on our site you may opt-in to saving your name, email address and website in cookies. These are for your convenience so that you do not have to fill in your details again when you leave another comment. These cookies will last for one year.<\/p>\n<!-- \/wp:paragraph -->\n<!-- wp:paragraph -->\n<p>If you visit our login page, we will set a temporary cookie to determine if your browser accepts cookies. This cookie contains no personal data and is discarded when you close your browser.<\/p>\n<!-- \/wp:paragraph -->\n<!-- wp:paragraph -->\n<p>When you log in, we will also set up several cookies to save your login information and your screen display choices. Login cookies last for two days, and screen options cookies last for a year. If you select &quot;Remember Me&quot;, your login will persist for two weeks. If you log out of your account, the login cookies will be removed.<\/p>\n<!-- \/wp:paragraph -->\n<!-- wp:paragraph -->\n<p>If you edit or publish an article, an additional cookie will be saved in your browser. This cookie includes no personal data and simply indicates the post ID of the article you just edited. It expires after 1 day.<\/p>\n<!-- \/wp:paragraph -->\n<!-- wp:heading -->\n<h2 class=\"wp-block-heading\">Embedded content from other websites<\/h2>\n<!-- \/wp:heading -->\n<!-- wp:paragraph -->\n<p><strong class=\"privacy-policy-tutorial\">Suggested text: <\/strong>Articles on this site may include embedded content (e.g. videos, images, articles, etc.). Embedded content from other websites behaves in the exact same way as if the visitor has visited the other website.<\/p>\n<!-- \/wp:paragraph -->\n<!-- wp:paragraph -->\n<p>These websites may collect data about you, use cookies, embed additional third-party tracking, and monitor your interaction with that embedded content, including tracking your interaction with the embedded content if you have an account and are logged in to that website.<\/p>\n<!-- \/wp:paragraph -->\n<!-- wp:heading -->\n<h2 class=\"wp-block-heading\">Who we share your data with<\/h2>\n<!-- \/wp:heading -->\n<!-- wp:paragraph -->\n<p><strong class=\"privacy-policy-tutorial\">Suggested text: <\/strong>If you request a password reset, your IP address will be included in the reset email.<\/p>\n<!-- \/wp:paragraph -->\n<!-- wp:heading -->\n<h2 class=\"wp-block-heading\">How long we retain your data<\/h2>\n<!-- \/wp:heading -->\n<!-- wp:paragraph -->\n<p><strong class=\"privacy-policy-tutorial\">Suggested text: <\/strong>If you leave a comment, the comment and its metadata are retained indefinitely. This is so we can recognize and approve any follow-up comments automatically instead of holding them in a moderation queue.<\/p>\n<!-- \/wp:paragraph -->\n<!-- wp:paragraph -->\n<p>For users that register on our website (if any), we also store the personal information they provide in their user profile. All users can see, edit, or delete their personal information at any time (except they cannot change their username). Website administrators can also see and edit that information.<\/p>\n<!-- \/wp:paragraph -->\n<!-- wp:heading -->\n<h2 class=\"wp-block-heading\">What rights you have over your data<\/h2>\n<!-- \/wp:heading -->\n<!-- wp:paragraph -->\n<p><strong class=\"privacy-policy-tutorial\">Suggested text: <\/strong>If you have an account on this site, or have left comments, you can request to receive an exported file of the personal data we hold about you, including any data you have provided to us. You can also request that we erase any personal data we hold about you. This does not include any data we are obliged to keep for administrative, legal, or security purposes.<\/p>\n<!-- \/wp:paragraph -->\n<!-- wp:heading -->\n<h2 class=\"wp-block-heading\">Where your data is sent<\/h2>\n<!-- \/wp:heading -->\n<!-- wp:paragraph -->\n<p><strong class=\"privacy-policy-tutorial\">Suggested text: <\/strong>Visitor comments may be checked through an automated spam detection service.<\/p>\n<!-- \/wp:paragraph -->\n","_et_gb_content_width":"","om_disable_all_campaigns":false,"_uf_show_specific_survey":0,"_uf_disable_surveys":false,"footnotes":""},"class_list":["post-3","page","type-page","status-publish","hentry"],"yoast_head":"<!-- This site is optimized with the Yoast SEO Premium plugin v24.3 (Yoast SEO v25.5) - https:\/\/yoast.com\/wordpress\/plugins\/seo\/ -->\n<title>Privacy Policy - Multitent<\/title>\n<meta name=\"robots\" content=\"index, follow, max-snippet:-1, max-image-preview:large, max-video-preview:-1\" \/>\n<link rel=\"canonical\" href=\"https:\/\/multitent.ee\/en\/privacy-policy\/\" \/>\n<meta property=\"og:locale\" content=\"en_US\" \/>\n<meta property=\"og:type\" content=\"article\" \/>\n<meta property=\"og:title\" content=\"Privacy Policy\" \/>\n<meta property=\"og:description\" content=\"Multitent O\u00dc privaatsuspoliitika Sissejuhatus Multitent O\u00dc (&quot;meie&quot;, &quot;meile&quot; v\u00f5i &quot;meie&quot;) on p\u00fchendunud oma klientide ja veebisaidi k\u00fclastajate privaatsuse kaitsmisele. See privaatsuspoliitika kirjeldab, kuidas me kogume, kasutame, avaldame ja kaitseme teie isikuandmeid, kui te suhtlete meiega meie veebisaidi, toodete ja teenuste kaudu. See privaatsuspoliitika on koosk\u00f5las isikuandmete kaitse \u00fcldm\u00e4\u00e4rusega (GDPR) ja teiste kehtivate andmekaitseseaduste ja -m\u00e4\u00e4rustega [&hellip;]\" \/>\n<meta property=\"og:url\" content=\"https:\/\/multitent.ee\/en\/privacy-policy\/\" \/>\n<meta property=\"og:site_name\" content=\"Multitent\" \/>\n<meta property=\"article:modified_time\" content=\"2025-01-27T17:06:02+00:00\" \/>\n<meta name=\"twitter:card\" content=\"summary_large_image\" \/>\n<meta name=\"twitter:label1\" content=\"Est. reading time\" \/>\n\t<meta name=\"twitter:data1\" content=\"6 minutes\" \/>\n<script type=\"application\/ld+json\" class=\"yoast-schema-graph\">{\"@context\":\"https:\/\/schema.org\",\"@graph\":[{\"@type\":\"WebPage\",\"@id\":\"https:\/\/multitent.ee\/privacy-policy\/\",\"url\":\"https:\/\/multitent.ee\/privacy-policy\/\",\"name\":\"Privacy Policy - Multitent\",\"isPartOf\":{\"@id\":\"https:\/\/multitent.ee\/#website\"},\"datePublished\":\"2024-10-25T12:15:27+00:00\",\"dateModified\":\"2025-01-27T17:06:02+00:00\",\"breadcrumb\":{\"@id\":\"https:\/\/multitent.ee\/privacy-policy\/#breadcrumb\"},\"inLanguage\":\"en-US\",\"potentialAction\":[{\"@type\":\"ReadAction\",\"target\":[\"https:\/\/multitent.ee\/privacy-policy\/\"]}]},{\"@type\":\"BreadcrumbList\",\"@id\":\"https:\/\/multitent.ee\/privacy-policy\/#breadcrumb\",\"itemListElement\":[{\"@type\":\"ListItem\",\"position\":1,\"name\":\"Home\",\"item\":\"https:\/\/multitent.ee\/\"},{\"@type\":\"ListItem\",\"position\":2,\"name\":\"Privacy Policy\"}]},{\"@type\":\"WebSite\",\"@id\":\"https:\/\/multitent.ee\/#website\",\"url\":\"https:\/\/multitent.ee\/\",\"name\":\"Multitent\",\"description\":\"J\u00e4rgmine WordPress veebileht\",\"potentialAction\":[{\"@type\":\"SearchAction\",\"target\":{\"@type\":\"EntryPoint\",\"urlTemplate\":\"https:\/\/multitent.ee\/?s={search_term_string}\"},\"query-input\":{\"@type\":\"PropertyValueSpecification\",\"valueRequired\":true,\"valueName\":\"search_term_string\"}}],\"inLanguage\":\"en-US\"}]}<\/script>\n<!-- \/ Yoast SEO Premium plugin. -->","yoast_head_json":{"title":"Privacy Policy - Multitent","robots":{"index":"index","follow":"follow","max-snippet":"max-snippet:-1","max-image-preview":"max-image-preview:large","max-video-preview":"max-video-preview:-1"},"canonical":"https:\/\/multitent.ee\/en\/privacy-policy\/","og_locale":"en_US","og_type":"article","og_title":"Privacy Policy","og_description":"Multitent O\u00dc privaatsuspoliitika Sissejuhatus Multitent O\u00dc (\"meie\", \"meile\" v\u00f5i \"meie\") on p\u00fchendunud oma klientide ja veebisaidi k\u00fclastajate privaatsuse kaitsmisele. See privaatsuspoliitika kirjeldab, kuidas me kogume, kasutame, avaldame ja kaitseme teie isikuandmeid, kui te suhtlete meiega meie veebisaidi, toodete ja teenuste kaudu. See privaatsuspoliitika on koosk\u00f5las isikuandmete kaitse \u00fcldm\u00e4\u00e4rusega (GDPR) ja teiste kehtivate andmekaitseseaduste ja -m\u00e4\u00e4rustega [&hellip;]","og_url":"https:\/\/multitent.ee\/en\/privacy-policy\/","og_site_name":"Multitent","article_modified_time":"2025-01-27T17:06:02+00:00","twitter_card":"summary_large_image","twitter_misc":{"Est. reading time":"6 minutes"},"schema":{"@context":"https:\/\/schema.org","@graph":[{"@type":"WebPage","@id":"https:\/\/multitent.ee\/privacy-policy\/","url":"https:\/\/multitent.ee\/privacy-policy\/","name":"Privacy Policy - Multitent","isPartOf":{"@id":"https:\/\/multitent.ee\/#website"},"datePublished":"2024-10-25T12:15:27+00:00","dateModified":"2025-01-27T17:06:02+00:00","breadcrumb":{"@id":"https:\/\/multitent.ee\/privacy-policy\/#breadcrumb"},"inLanguage":"en-US","potentialAction":[{"@type":"ReadAction","target":["https:\/\/multitent.ee\/privacy-policy\/"]}]},{"@type":"BreadcrumbList","@id":"https:\/\/multitent.ee\/privacy-policy\/#breadcrumb","itemListElement":[{"@type":"ListItem","position":1,"name":"Home","item":"https:\/\/multitent.ee\/"},{"@type":"ListItem","position":2,"name":"Privacy Policy"}]},{"@type":"WebSite","@id":"https:\/\/multitent.ee\/#website","url":"https:\/\/multitent.ee\/","name":"Multitent","description":"J\u00e4rgmine WordPress veebileht","potentialAction":[{"@type":"SearchAction","target":{"@type":"EntryPoint","urlTemplate":"https:\/\/multitent.ee\/?s={search_term_string}"},"query-input":{"@type":"PropertyValueSpecification","valueRequired":true,"valueName":"search_term_string"}}],"inLanguage":"en-US"}]}},"_links":{"self":[{"href":"https:\/\/multitent.ee\/en\/wp-json\/wp\/v2\/pages\/3","targetHints":{"allow":["GET"]}}],"collection":[{"href":"https:\/\/multitent.ee\/en\/wp-json\/wp\/v2\/pages"}],"about":[{"href":"https:\/\/multitent.ee\/en\/wp-json\/wp\/v2\/types\/page"}],"author":[{"embeddable":true,"href":"https:\/\/multitent.ee\/en\/wp-json\/wp\/v2\/users\/1"}],"replies":[{"embeddable":true,"href":"https:\/\/multitent.ee\/en\/wp-json\/wp\/v2\/comments?post=3"}],"version-history":[{"count":0,"href":"https:\/\/multitent.ee\/en\/wp-json\/wp\/v2\/pages\/3\/revisions"}],"wp:attachment":[{"href":"https:\/\/multitent.ee\/en\/wp-json\/wp\/v2\/media?parent=3"}],"curies":[{"name":"wp","href":"https:\/\/api.w.org\/{rel}","templated":true}]}}