{"id":19661,"date":"2025-02-02T16:52:50","date_gmt":"2025-02-02T16:52:50","guid":{"rendered":"https:\/\/multitent.ee\/?page_id=19661"},"modified":"2025-02-02T18:03:35","modified_gmt":"2025-02-02T18:03:35","slug":"muugitingimused","status":"publish","type":"page","link":"https:\/\/multitent.ee\/en\/muugitingimused\/","title":{"rendered":"Sales policy"},"content":{"rendered":"<p>[et_pb_section fb_built=&#8221;1&#8243; _builder_version=&#8221;4.27.4&#8243; _module_preset=&#8221;default&#8221; global_colors_info=&#8221;{}&#8221;][et_pb_row _builder_version=&#8221;4.27.4&#8243; _module_preset=&#8221;default&#8221; custom_padding=&#8221;10vw||||false|false&#8221; global_colors_info=&#8221;{}&#8221;][et_pb_column type=&#8221;4_4&#8243; _builder_version=&#8221;4.27.4&#8243; _module_preset=&#8221;default&#8221; global_colors_info=&#8221;{}&#8221;][et_pb_text _builder_version=&#8221;4.27.4&#8243; _module_preset=&#8221;default&#8221; global_colors_info=&#8221;{}&#8221;]<\/p>\n<h1><span style=\"font-weight: 400;\">Sales policy<\/span><\/h1>\n<p>&nbsp;<\/p>\n<p><b>M\u00fc\u00fcgitingimuste kehtivus<\/b><\/p>\n<p><span style=\"font-weight: 400;\">1) M\u00fc\u00fcgitingimused kehtivad multitent.ee veebipoest ostja (edaspidi Tarbija) ja ettev\u00f5tja MULTITENT O\u00dc (edaspidi ka Veebipood v\u00f5i MULTITENT O\u00dc) vahel kaupade ja teenuste ostmisel.<\/span><\/p>\n<p><span style=\"font-weight: 400;\">2) Lisaks k\u00e4esolevatele tingimustele reguleerivad Multitent veebipoest toodete ostmisel tekkivaid \u00f5igussuhteid Eesti Vabariigis kehtivad v\u00f5la\u00f5igusseadus (edaspidi V\u00d5S), tarbijakaitseseadus (edaspidi TKS) ja teised \u00f5igusaktid.<\/span><\/p>\n<p><span style=\"font-weight: 400;\">3) Veebipood www.multitent.ee j\u00e4tab endale \u00f5iguse teha m\u00fc\u00fcgitingimustes muudatusi. Nimetatud muudatusi kajastatakse veebilehel <\/span><a href=\"https:\/\/multitent.ee\/en\/\"><span style=\"font-weight: 400;\">www.multitent.ee<\/span><\/a><\/p>\n<p>&nbsp;<\/p>\n<p><b>Hinnainfo<\/b><b><\/b><\/p>\n<p><span style=\"font-weight: 400;\">1) K\u00f5ik veebipoes www.multitent.ee on k\u00e4ibemaksuvabad.<\/span><\/p>\n<p><span style=\"font-weight: 400;\">2) Ostude hinnale lisandub transpordi hind vastavalt Tarbija valitud aadressile.<\/span><\/p>\n<p><span style=\"font-weight: 400;\">3) Hinnad kehtivad tellimuse vormistamisest kuni vormistatud tellimuse makset\u00e4htaja aegumiseni (7 p\u00e4eva p\u00e4rast tellimuse vormistamist).<\/span><\/p>\n<p><span style=\"font-weight: 400;\">4) Kui tellimus on esitatud enne m\u00fc\u00fcgitingimuste v\u00f5i hindade muutmist, kohaldatakse Tarbija ja Veebipoe vahel tekkinud \u00f5igussuhetele tellimuse vormistamise ajal kehtinud tingimusi.<\/span><\/p>\n<p><span style=\"font-weight: 400;\">5) K\u00f5ik Multitent O\u00dc poolt v\u00f5etud maksed tehakse eurodes.<\/span><\/p>\n<p><span style=\"font-weight: 400;\">6) Veebipood Multitent j\u00e4tab endale \u00f5iguse teha m\u00fc\u00fcgihindades muudatusi. Nimetatud muudatusi kajastatakse veebilehel <a href=\"https:\/\/multitent.ee\/en\/\">www.multitent.ee<\/a>.<\/span><\/p>\n<p><span style=\"font-weight: 400;\"><\/span><\/p>\n<p><b>Tellimuse vormistamine<\/b><\/p>\n<p><span style=\"font-weight: 400;\">1) Lisage soovitud tooted p\u00e4ringukorvi.<\/span><\/p>\n<p><span style=\"font-weight: 400;\">2) Tellimuse vormistamiseks vajutage ostukorvis lingile \u201eEdasta p\u00e4ring\u201d.<\/span><\/p>\n<p><span style=\"font-weight: 400;\">3) Tellimuse vormistamise lehel t\u00e4itke n\u00f5utud andmev\u00e4ljad, valige teile sobiv tarne aadress ningvajutage lingile \u201eEdasta p\u00e4ring\u201d.<\/span><\/p>\n<p><span style=\"font-weight: 400;\">4) P\u00e4ringu esitamisel saadame teile kinnituse, et oleme p\u00e4ringu k\u00e4tte saanud.<\/span><\/p>\n<p><span style=\"font-weight: 400;\">5) Kontrollime omalt poolt toodete saadavust ning saadame pakkumise, mille klient kinnitab e-maili teel.<\/span><\/p>\n<p><span style=\"font-weight: 400;\">6) Kaup saadetakse v\u00e4lja peale arve tasumist.<\/span><\/p>\n<p><span style=\"font-weight: 400;\"><\/span><\/p>\n<p><b>M\u00fc\u00fcgilepingu j\u00f5ustumine<\/b><\/p>\n<p><span style=\"font-weight: 400;\">1) Kauba m\u00fc\u00fcgilepinguga kohustub veebipood Multitent andma Tarbijale \u00fcle olemasoleva, valmistatava v\u00f5i veebipood Multitent poolt tulevikus omandatava kauba ning tegema v\u00f5imalikuks omandi \u00fclemineku Tarbijale. Tarbija aga kohustub veebipood Multitent tasuma kauba eest esitatud arvel n\u00e4idatud summa ja v\u00f5tma kauba vastu.<\/span><\/p>\n<p><span style=\"font-weight: 400;\">2) Tellimused, mille eest ei ole tasutud, annulleeritakse 7 p\u00e4eva m\u00f6\u00f6dudes alates tellimuse vormistamisest.<\/span><\/p>\n<p><span style=\"font-weight: 400;\">3) M\u00fc\u00fcgileping j\u00f5ustub p\u00e4rast Tarbija tehtud makse laekumist Multitent O\u00dc arvelduskontole.<\/span><\/p>\n<p>&nbsp;<\/p>\n<p><b>Kohaletoimetamine<\/b><\/p>\n<p><span style=\"font-weight: 400;\">1) P\u00e4rast m\u00fc\u00fcgilepingu j\u00f5ustumist komplekteerib veebipood Multitent tellimuse ning annab selle kohaletoimetamiseks \u00fcle ettev\u00f5tte logistikapartneritele v\u00f5i toimetab kauba omal j\u00f5ul kliendini.<\/span><\/p>\n<p><span style=\"font-weight: 400;\">2) Viivitusteta kohaletoimetamiseks tuleb olla hoolas ning tellimuse vormistamisel esitada kohaletoimetamise andmete sisestamisel t\u00f5ele vastavad ning kehtivad andmed.<\/span><\/p>\n<p><span style=\"font-weight: 400;\">3) Veebipood ei vastuta kauba kohaletoimetamise viibimise eest juhul, kui kaup on logistikapartneritele \u00fcle antud \u00f5igel ajal, kuid kohaletoimetamise viibimine on tingitud asjaoludest, mida veebipood Multitent ei saanud m\u00f5jutada ega ette n\u00e4ha.<\/span><\/p>\n<p>&nbsp;<\/p>\n<p><b>Taganemis\u00f5igus:<\/b><\/p>\n<p><span style=\"font-weight: 400;\">Pa\u0308rast tellimuse ka\u0308ttesaamist on ostjal o\u0303igus e-poes so\u0303lmitud lepingust taganeda 14 pa\u0308eva jooksul.<\/span><\/p>\n<p><span style=\"font-weight: 400;\">Taganemiso\u0303igus ei kohaldu, kui ostjaks on juriidiline isik.<\/span><\/p>\n<p><span style=\"font-weight: 400;\">14-pa\u0308evase tagastamiso\u0303iguse kasutamiseks ei tohi tellitud kaupa kasutada muul viisil kui on vajalik kauba olemuses, omadustes ja toimimises veendumiseks viisil nagu see on lubatud kauba testimiseks fu\u0308u\u0308silises poes.<\/span><\/p>\n<p><span style=\"font-weight: 400;\">M\u00fc\u00fcja poolsed kleebised\/identifitseerimiskleebised ei tohi olla eemaldatud ega rikutud.<\/span><\/p>\n<p><span style=\"font-weight: 400;\">Kui kaupa on kasutatud muuks otstarbeks kui on vajalik kauba olemuses, omadustes ja toimimises veendumiseks vo\u0303i sellel on kasutamise vo\u0303i kulumise ma\u0308rke, on Veebipoel o\u0303igus alandada tagastatavat tasu vastavalt kauba va\u0308a\u0308rtuse va\u0308henemisele.<\/span><\/p>\n<p><span style=\"font-weight: 400;\">Tagastamis\u00f5iguse kasutamiseks peab tarbija esitama avalduse \u2013\u00a0<\/span><a href=\"mailto:info@multitent.ee\"><span style=\"font-weight: 400;\">info@multitent.ee<\/span><\/a><\/p>\n<p><span style=\"font-weight: 400;\">Kauba tagastamise kulud kannab ostja, va\u0308lja arvatud juhul, kui tagastamise po\u0303hjus seisneb asjaolus, et tagastamisele kuuluv toode ei vasta tellitule (nt vale vo\u0303i defektiga toode).<\/span><\/p>\n<p><span style=\"font-weight: 400;\">Ostja peab kauba tagastama avalduse esitamisele ja\u0308rgneva 14 pa\u0308eva jooksul vo\u0303i esitama to\u0303endi, et ta on eelnimetatud perioodi jooksul kauba u\u0308le andnud kauba vedajale.<\/span><\/p>\n<p><span style=\"font-weight: 400;\">Veebipood tagastab tagastatava kauba ka\u0308ttesaamisel ostjale viivitamata, kuid mitte hiljem kui 14 pa\u0308eva mo\u0308o\u0308dumisel arvates taganemisavalduse saamisest, ko\u0303ik ostjalt lepingu alusel saadud tasud.<\/span><\/p>\n<p><span style=\"font-weight: 400;\">Veebipood vo\u0303ib keelduda tagasimaksete tegemisest seni, kuni on lepingu esemeks oleva asja tagasi saanud vo\u0303i kuni ostja on esitanud to\u0303endid, et on asja tagasi saatnud, so\u0303ltuvalt sellest, kumb toimub varem.<\/span><\/p>\n<p><span style=\"font-weight: 400;\">Veebipoel on o\u0303igus taganeda mu\u0308u\u0308gitehingust ning no\u0303uda ostjalt tagasi kaup, kui kauba hind veebipoes on eksituse to\u0303ttu ma\u0308rgitud oluliselt alla kauba turuhinna.<\/span><\/p>\n<p>&nbsp;<\/p>\n<p><b>Pretensioonide esitamise kord<\/b><\/p>\n<p><span style=\"font-weight: 400;\">1) Veebipood Multitent vastutab Tarbijale m\u00fc\u00fcdud kauba lepingutingimustele mittevastavuse v\u00f5i puuduste eest, mis ilmnevad kuni kahe aasta jooksul, alates kauba \u00fcleandmisest Tarbijale.<\/span><\/p>\n<p><span style=\"font-weight: 400;\">2) Tarbijal on \u00f5igus puuduse ilmnemisel p\u00f6\u00f6rduda hiljemalt kahe n\u00e4dala jooksul veebipood Multitent poole, esitades arve, mille alusel kauba ostu eest tasuti.<\/span><\/p>\n<p><span style=\"font-weight: 400;\">3) Kaubal puuduse ilmnemisel palume l\u00f5petada kauba kasutamise.<\/span><\/p>\n<p><span style=\"font-weight: 400;\">4) Puudusega kauba parandamise v\u00f5i asendamise lepivad veebipood Multitent ja Tarbija omavahel kokku.<\/span><\/p>\n<p><span style=\"font-weight: 400;\">5) Veebipood Multitent ei vastuta Tarbija s\u00fc\u00fcl tootel tekkinud puuduste eest, mis on tekkinud toote mitten\u00f5uetekohase hoiustamise v\u00f5i mitte eesm\u00e4rgip\u00e4rase kasutamise tulemusena.<\/span><\/p>\n<p><span style=\"font-weight: 400;\">6) Toote n\u00f5uetele mittevastavuse v\u00f5i puuduste ilmnemisel palume edastada e-postiaadressile\u00a0<\/span><a href=\"mailto:info@multitent.ee\"><span style=\"font-weight: 400;\">info@multitent.ee<\/span><\/a><span style=\"font-weight: 400;\">\u00a0pretensiooni, kus on m\u00e4rgitud tellimuse esitaja nimi, kontakttelefon number ja toote tingimustele mittevastavuse v\u00f5i puuduse t\u00e4pne kirjeldus.<\/span><\/p>\n<p><span style=\"font-weight: 400;\">7) Pretensioon toote n\u00f5uetele mittevastavuse v\u00f5i puuduste avastamise kohta peab olema esitatud kahe n\u00e4dala jooksul alates toote k\u00e4ttesaamisest.<\/span><\/p>\n<p><span style=\"font-weight: 400;\">8) K\u00f5ik pretensioonid vaadatakse l\u00e4bi ja Tarbijaga v\u00f5etakse \u00fchendust esimesel v\u00f5imalusel, kuid mitte hiljem kui 14 p\u00e4eva jooksul alates pretensiooni k\u00e4ttesaamisest.<\/span><\/p>\n<p>&nbsp;<\/p>\n<p>[\/et_pb_text][\/et_pb_column][\/et_pb_row][\/et_pb_section]<\/p>","protected":false},"excerpt":{"rendered":"<p>M\u00fc\u00fcgitingimused &nbsp; M\u00fc\u00fcgitingimuste kehtivus 1) M\u00fc\u00fcgitingimused kehtivad multitent.ee veebipoest ostja (edaspidi Tarbija) ja ettev\u00f5tja MULTITENT O\u00dc (edaspidi ka Veebipood v\u00f5i MULTITENT O\u00dc) vahel kaupade ja teenuste ostmisel. 2) Lisaks k\u00e4esolevatele tingimustele reguleerivad Multitent veebipoest toodete ostmisel tekkivaid \u00f5igussuhteid Eesti Vabariigis kehtivad v\u00f5la\u00f5igusseadus (edaspidi V\u00d5S), tarbijakaitseseadus (edaspidi TKS) ja teised \u00f5igusaktid. 3) Veebipood www.multitent.ee j\u00e4tab endale [&hellip;]<\/p>","protected":false},"author":1,"featured_media":0,"parent":0,"menu_order":0,"comment_status":"closed","ping_status":"closed","template":"","meta":{"_et_pb_use_builder":"on","_et_pb_old_content":"","_et_gb_content_width":"","om_disable_all_campaigns":false,"_uf_show_specific_survey":0,"_uf_disable_surveys":false,"footnotes":""},"class_list":["post-19661","page","type-page","status-publish","hentry"],"yoast_head":"<!-- This site is optimized with the Yoast SEO Premium plugin v24.3 (Yoast SEO v25.5) - https:\/\/yoast.com\/wordpress\/plugins\/seo\/ -->\n<title>M\u00fc\u00fcgitingimused - Multitent<\/title>\n<meta name=\"robots\" content=\"index, follow, max-snippet:-1, max-image-preview:large, max-video-preview:-1\" \/>\n<link rel=\"canonical\" href=\"https:\/\/multitent.ee\/en\/muugitingimused\/\" \/>\n<meta property=\"og:locale\" content=\"en_US\" \/>\n<meta property=\"og:type\" content=\"article\" \/>\n<meta property=\"og:title\" content=\"M\u00fc\u00fcgitingimused\" \/>\n<meta property=\"og:description\" content=\"M\u00fc\u00fcgitingimused &nbsp; M\u00fc\u00fcgitingimuste kehtivus 1) M\u00fc\u00fcgitingimused kehtivad multitent.ee veebipoest ostja (edaspidi Tarbija) ja ettev\u00f5tja MULTITENT O\u00dc (edaspidi ka Veebipood v\u00f5i MULTITENT O\u00dc) vahel kaupade ja teenuste ostmisel. 2) Lisaks k\u00e4esolevatele tingimustele reguleerivad Multitent veebipoest toodete ostmisel tekkivaid \u00f5igussuhteid Eesti Vabariigis kehtivad v\u00f5la\u00f5igusseadus (edaspidi V\u00d5S), tarbijakaitseseadus (edaspidi TKS) ja teised \u00f5igusaktid. 3) Veebipood www.multitent.ee j\u00e4tab endale [&hellip;]\" \/>\n<meta property=\"og:url\" content=\"https:\/\/multitent.ee\/en\/muugitingimused\/\" \/>\n<meta property=\"og:site_name\" content=\"Multitent\" \/>\n<meta property=\"article:modified_time\" content=\"2025-02-02T18:03:35+00:00\" \/>\n<meta name=\"twitter:card\" content=\"summary_large_image\" \/>\n<meta name=\"twitter:label1\" content=\"Est. reading time\" \/>\n\t<meta name=\"twitter:data1\" content=\"4 minutes\" \/>\n<script type=\"application\/ld+json\" class=\"yoast-schema-graph\">{\"@context\":\"https:\/\/schema.org\",\"@graph\":[{\"@type\":\"WebPage\",\"@id\":\"https:\/\/multitent.ee\/muugitingimused\/\",\"url\":\"https:\/\/multitent.ee\/muugitingimused\/\",\"name\":\"M\u00fc\u00fcgitingimused - Multitent\",\"isPartOf\":{\"@id\":\"https:\/\/multitent.ee\/#website\"},\"datePublished\":\"2025-02-02T16:52:50+00:00\",\"dateModified\":\"2025-02-02T18:03:35+00:00\",\"breadcrumb\":{\"@id\":\"https:\/\/multitent.ee\/muugitingimused\/#breadcrumb\"},\"inLanguage\":\"en-US\",\"potentialAction\":[{\"@type\":\"ReadAction\",\"target\":[\"https:\/\/multitent.ee\/muugitingimused\/\"]}]},{\"@type\":\"BreadcrumbList\",\"@id\":\"https:\/\/multitent.ee\/muugitingimused\/#breadcrumb\",\"itemListElement\":[{\"@type\":\"ListItem\",\"position\":1,\"name\":\"Home\",\"item\":\"https:\/\/multitent.ee\/\"},{\"@type\":\"ListItem\",\"position\":2,\"name\":\"M\u00fc\u00fcgitingimused\"}]},{\"@type\":\"WebSite\",\"@id\":\"https:\/\/multitent.ee\/#website\",\"url\":\"https:\/\/multitent.ee\/\",\"name\":\"Multitent\",\"description\":\"J\u00e4rgmine WordPress veebileht\",\"potentialAction\":[{\"@type\":\"SearchAction\",\"target\":{\"@type\":\"EntryPoint\",\"urlTemplate\":\"https:\/\/multitent.ee\/?s={search_term_string}\"},\"query-input\":{\"@type\":\"PropertyValueSpecification\",\"valueRequired\":true,\"valueName\":\"search_term_string\"}}],\"inLanguage\":\"en-US\"}]}<\/script>\n<!-- \/ Yoast SEO Premium plugin. -->","yoast_head_json":{"title":"M\u00fc\u00fcgitingimused - Multitent","robots":{"index":"index","follow":"follow","max-snippet":"max-snippet:-1","max-image-preview":"max-image-preview:large","max-video-preview":"max-video-preview:-1"},"canonical":"https:\/\/multitent.ee\/en\/muugitingimused\/","og_locale":"en_US","og_type":"article","og_title":"M\u00fc\u00fcgitingimused","og_description":"M\u00fc\u00fcgitingimused &nbsp; M\u00fc\u00fcgitingimuste kehtivus 1) M\u00fc\u00fcgitingimused kehtivad multitent.ee veebipoest ostja (edaspidi Tarbija) ja ettev\u00f5tja MULTITENT O\u00dc (edaspidi ka Veebipood v\u00f5i MULTITENT O\u00dc) vahel kaupade ja teenuste ostmisel. 2) Lisaks k\u00e4esolevatele tingimustele reguleerivad Multitent veebipoest toodete ostmisel tekkivaid \u00f5igussuhteid Eesti Vabariigis kehtivad v\u00f5la\u00f5igusseadus (edaspidi V\u00d5S), tarbijakaitseseadus (edaspidi TKS) ja teised \u00f5igusaktid. 3) Veebipood www.multitent.ee j\u00e4tab endale [&hellip;]","og_url":"https:\/\/multitent.ee\/en\/muugitingimused\/","og_site_name":"Multitent","article_modified_time":"2025-02-02T18:03:35+00:00","twitter_card":"summary_large_image","twitter_misc":{"Est. reading time":"4 minutes"},"schema":{"@context":"https:\/\/schema.org","@graph":[{"@type":"WebPage","@id":"https:\/\/multitent.ee\/muugitingimused\/","url":"https:\/\/multitent.ee\/muugitingimused\/","name":"M\u00fc\u00fcgitingimused - Multitent","isPartOf":{"@id":"https:\/\/multitent.ee\/#website"},"datePublished":"2025-02-02T16:52:50+00:00","dateModified":"2025-02-02T18:03:35+00:00","breadcrumb":{"@id":"https:\/\/multitent.ee\/muugitingimused\/#breadcrumb"},"inLanguage":"en-US","potentialAction":[{"@type":"ReadAction","target":["https:\/\/multitent.ee\/muugitingimused\/"]}]},{"@type":"BreadcrumbList","@id":"https:\/\/multitent.ee\/muugitingimused\/#breadcrumb","itemListElement":[{"@type":"ListItem","position":1,"name":"Home","item":"https:\/\/multitent.ee\/"},{"@type":"ListItem","position":2,"name":"M\u00fc\u00fcgitingimused"}]},{"@type":"WebSite","@id":"https:\/\/multitent.ee\/#website","url":"https:\/\/multitent.ee\/","name":"Multitent","description":"J\u00e4rgmine WordPress veebileht","potentialAction":[{"@type":"SearchAction","target":{"@type":"EntryPoint","urlTemplate":"https:\/\/multitent.ee\/?s={search_term_string}"},"query-input":{"@type":"PropertyValueSpecification","valueRequired":true,"valueName":"search_term_string"}}],"inLanguage":"en-US"}]}},"_links":{"self":[{"href":"https:\/\/multitent.ee\/en\/wp-json\/wp\/v2\/pages\/19661","targetHints":{"allow":["GET"]}}],"collection":[{"href":"https:\/\/multitent.ee\/en\/wp-json\/wp\/v2\/pages"}],"about":[{"href":"https:\/\/multitent.ee\/en\/wp-json\/wp\/v2\/types\/page"}],"author":[{"embeddable":true,"href":"https:\/\/multitent.ee\/en\/wp-json\/wp\/v2\/users\/1"}],"replies":[{"embeddable":true,"href":"https:\/\/multitent.ee\/en\/wp-json\/wp\/v2\/comments?post=19661"}],"version-history":[{"count":0,"href":"https:\/\/multitent.ee\/en\/wp-json\/wp\/v2\/pages\/19661\/revisions"}],"wp:attachment":[{"href":"https:\/\/multitent.ee\/en\/wp-json\/wp\/v2\/media?parent=19661"}],"curies":[{"name":"wp","href":"https:\/\/api.w.org\/{rel}","templated":true}]}}